{"id":12654,"date":"2017-09-01T11:14:47","date_gmt":"2017-09-01T11:14:47","guid":{"rendered":"https:\/\/rinagro-smart-farming.com\/?page_id=12654"},"modified":"2017-09-01T11:21:37","modified_gmt":"2017-09-01T11:21:37","slug":"home","status":"publish","type":"page","link":"https:\/\/rinagro-smart-farming.nl\/fr\/","title":{"rendered":"Home"},"content":{"rendered":"<p><div class=\"fusion-fullwidth fullwidth-box fusion-builder-row-1 nonhundred-percent-fullwidth non-hundred-percent-height-scrolling\" style=\"--awb-border-radius-top-left:0px;--awb-border-radius-top-right:0px;--awb-border-radius-bottom-right:0px;--awb-border-radius-bottom-left:0px;--awb-flex-wrap:wrap;\" ><div class=\"fusion-builder-row fusion-row\"><div class=\"fusion-layout-column fusion_builder_column fusion-builder-column-0 fusion_builder_column_1_1 1_1 fusion-one-full fusion-column-first fusion-column-last\" style=\"--awb-bg-size:cover;\"><div class=\"fusion-column-wrapper fusion-flex-column-wrapper-legacy\"><div class=\"fusion-image-element in-legacy-container\" style=\"--awb-caption-title-font-family:var(--h2_typography-font-family);--awb-caption-title-font-weight:var(--h2_typography-font-weight);--awb-caption-title-font-style:var(--h2_typography-font-style);--awb-caption-title-size:var(--h2_typography-font-size);--awb-caption-title-transform:var(--h2_typography-text-transform);--awb-caption-title-line-height:var(--h2_typography-line-height);--awb-caption-title-letter-spacing:var(--h2_typography-letter-spacing);\"><span class=\" fusion-imageframe imageframe-none imageframe-1 hover-type-none\"><img decoding=\"async\" width=\"1200\" height=\"851\" title=\"Rinagro_AgriMestMix_FR_p1\" src=\"https:\/\/rinagro-smart-farming.com\/wp-content\/uploads\/2017\/09\/Rinagro_AgriMestMix_FR_p1.jpg\" alt class=\"img-responsive wp-image-12658\" srcset=\"https:\/\/rinagro-smart-farming.nl\/wp-content\/uploads\/2017\/09\/Rinagro_AgriMestMix_FR_p1-200x142.jpg 200w, https:\/\/rinagro-smart-farming.nl\/wp-content\/uploads\/2017\/09\/Rinagro_AgriMestMix_FR_p1-400x284.jpg 400w, https:\/\/rinagro-smart-farming.nl\/wp-content\/uploads\/2017\/09\/Rinagro_AgriMestMix_FR_p1-600x426.jpg 600w, https:\/\/rinagro-smart-farming.nl\/wp-content\/uploads\/2017\/09\/Rinagro_AgriMestMix_FR_p1-800x567.jpg 800w, https:\/\/rinagro-smart-farming.nl\/wp-content\/uploads\/2017\/09\/Rinagro_AgriMestMix_FR_p1.jpg 1200w\" sizes=\"(max-width: 800px) 100vw, 1200px\" \/><\/span><\/div><div class=\"fusion-image-element in-legacy-container\" style=\"--awb-caption-title-font-family:var(--h2_typography-font-family);--awb-caption-title-font-weight:var(--h2_typography-font-weight);--awb-caption-title-font-style:var(--h2_typography-font-style);--awb-caption-title-size:var(--h2_typography-font-size);--awb-caption-title-transform:var(--h2_typography-text-transform);--awb-caption-title-line-height:var(--h2_typography-line-height);--awb-caption-title-letter-spacing:var(--h2_typography-letter-spacing);\"><span class=\" fusion-imageframe imageframe-none imageframe-2 hover-type-none\"><img decoding=\"async\" width=\"1200\" height=\"851\" title=\"Rinagro_AgriMestMix_FR_p2\" src=\"https:\/\/rinagro-smart-farming.com\/wp-content\/uploads\/2017\/09\/Rinagro_AgriMestMix_FR_p2.jpg\" alt class=\"img-responsive wp-image-12657\" srcset=\"https:\/\/rinagro-smart-farming.nl\/wp-content\/uploads\/2017\/09\/Rinagro_AgriMestMix_FR_p2-200x142.jpg 200w, https:\/\/rinagro-smart-farming.nl\/wp-content\/uploads\/2017\/09\/Rinagro_AgriMestMix_FR_p2-400x284.jpg 400w, https:\/\/rinagro-smart-farming.nl\/wp-content\/uploads\/2017\/09\/Rinagro_AgriMestMix_FR_p2-600x426.jpg 600w, https:\/\/rinagro-smart-farming.nl\/wp-content\/uploads\/2017\/09\/Rinagro_AgriMestMix_FR_p2-800x567.jpg 800w, https:\/\/rinagro-smart-farming.nl\/wp-content\/uploads\/2017\/09\/Rinagro_AgriMestMix_FR_p2.jpg 1200w\" sizes=\"(max-width: 800px) 100vw, 1200px\" \/><\/span><\/div><div class=\"fusion-clearfix\"><\/div><\/div><\/div><\/div><\/div><div class=\"fusion-fullwidth fullwidth-box fusion-builder-row-2 nonhundred-percent-fullwidth non-hundred-percent-height-scrolling\" style=\"--awb-border-radius-top-left:0px;--awb-border-radius-top-right:0px;--awb-border-radius-bottom-right:0px;--awb-border-radius-bottom-left:0px;--awb-flex-wrap:wrap;\" ><div class=\"fusion-builder-row fusion-row\"><div class=\"fusion-layout-column fusion_builder_column fusion-builder-column-1 fusion_builder_column_1_1 1_1 fusion-one-full fusion-column-first fusion-column-last\" style=\"--awb-bg-size:cover;\"><div class=\"fusion-column-wrapper fusion-flex-column-wrapper-legacy\"><div class=\"fusion-text fusion-text-1\"><p>Pour votre \u00e9levage<\/p>\n<p>AgriMestMix est un m\u00e9lange de min\u00e9raux naturels qui am\u00e9liore plusieurs processus biochimiques importants pr\u00e9sents dans le lisier. AgriMestMix stimule le d\u00e9veloppement des micro-organismes, entre autres &#8211; des bact\u00e9ries positives qui transforment l\u2019azote organique en azote nitrique. Cette forme d\u2019azote ne s\u2019\u00e9vapore pas et am\u00e9liore ainsi la valeur nutritive du fumier liquide ou du lisier. L\u2019azote nitrique est absorb\u00e9 par les plantes de fa\u00e7on plus rapide et plus r\u00e9guli\u00e8re que l\u2019azote nitrique, il est donc plus efficace.<br \/>\nAm\u00e9lioration du fumier<br \/>\nAgriMestMix diminue la formation des cro\u00fbtes et r\u00e9duit l\u2019\u00e9vapora-tion des mol\u00e9cules malodorantes, telles que l\u2019ammoniac et autres COV (compos\u00e9s organiques volatiles). AgriMestMix am\u00e9liore \u00e9galement les processus microbiologique. Le fumier ou le lisier trait\u00e9 avec AgriMestMix augmente la biodiversit\u00e9 de l\u2019humus. Un tel fertilisant contient plus de min\u00e9raux pour les plantes et gr\u00e2ce \u00e0 sa teneur \u00e9lev\u00e9e en prot\u00e9ines, sa valeur nutritive est plus importante.<br \/>\nDiminution de l\u2019apport en engrais chimiques<br \/>\nAgriMestMix contribue \u00e0 la restauration naturelle de la structure de l\u2019humus. Le fumier trait\u00e9 avec AgriMestMix am\u00e9liore la biodiversit\u00e9 des prairies (point positif pour l\u2019\u00e9levage) et des terres cultiv\u00e9es (point positif pour les cultivateurs). Gr\u00e2ce \u00e0 la pr\u00e9servation d\u2019azote dans le lisier et gr\u00e2ce \u00e0 l\u2019augmentation du pourcentage de l\u2019azote efficace, la dose d\u2019engrais chimiques peut \u00eatre r\u00e9duite.<\/p>\n<p>Pour vos cultures<\/p>\n<p>Am\u00e9lioration de la qualit\u00e9 de la terre<br \/>\nL\u2019azote nitrique produit dans le fumier trait\u00e9 avec AgriMestMix am\u00e9liore la croissance des racines de la plante. Ainsi, la dose d\u2019engrais chimiques apport\u00e9e peut \u00eatre r\u00e9duite.  Une recherche, men\u00e9e \u00e0 l\u2019universit\u00e9 de Wageningen (Pays Bas) a d\u00e9montr\u00e9 que de grandes surfaces de terres cultiv\u00e9es sont, depuis plusieurs ann\u00e9es, dop\u00e9es \u00e0 engrais chimique. Les cons\u00e9quences en sont n\u00e9fastes\u00a0:<br \/>\n\u2022 perte significative des min\u00e9raux<br \/>\n\u2022 fertilit\u00e9 de la terre mal \u00e9quilibr\u00e9e<br \/>\n\u2022 r\u00e9coltes insuffisantes en quantit\u00e9 ou\/et en qualit\u00e9<\/p>\n<p>AgriMestMix rompt cette spirale n\u00e9gative. C\u2019est un engrais id\u00e9al pour les agriculteur, car l\u2019azote n\u2019est lib\u00e9r\u00e9 qu\u2019au moment o\u00f9 les plantes en ont besoin.<\/p>\n<p>Mycotoxines et candidose<br \/>\nAgriMestMix aide \u00e0 freiner le d\u00e9veloppement des micro-organismes ind\u00e9sirables, comme les champignons, qui produisent des mycotoxines. Ainsi, les bact\u00e9ries positives peuvent se d\u00e9velopper librement. <\/p>\n<p>Pour les \u00e9leveurs de porcs et de volailles<\/p>\n<p>Les avantages de AgriMestMix:<br \/>\n\u2022 conservation de l\u2019azote (transformation de l\u2019azote organique en azote nitrique)<br \/>\n\u2022 am\u00e9lioration de l\u2019homog\u00e9n\u00e9it\u00e9 du lisier (absence des cro\u00fbtes)<br \/>\n\u2022 absence de mousse<br \/>\n\u2022 diminution de l\u2019\u00e9vaporation de l\u2019ammoniac et autres COV (avantage \u00e9cologique)<br \/>\n\u2022 moins de d\u00e9penses pour la ventilation<\/p>\n<p>Fumier sec<\/p>\n<p>Compost-O est tr\u00e8s efficace pour convertir diff\u00e9rents<br \/>\nmat\u00e9riaux organiques en composte en l\u2019absence de ventilation ou d\u2019a\u00e9ration. C\u2019est un processus \u00e9cologique (z\u00e9ro \u00e9mission du CO2) et inodore. La d\u00e9composition est rapide et le<br \/>\ncomposte est d\u2019une excellente qualit\u00e9.<br \/>\nLes principaux avantages<br \/>\n\u2022\tle mat\u00e9riau organique se d\u00e9compose sans a\u00e9ration<br \/>\n\u2022\tl\u2019azote est conserv\u00e9<br \/>\n\u2022\tam\u00e9lioration de la croissance des racines<br \/>\n\u2022\tam\u00e9lioration de la ramification<br \/>\n\u2022\tune plante robuste avec une forte structure des cellules et une bonne r\u00e9sistance aux maladies<\/p>\n<p>Application sur du fumier<br \/>\nComposte-O peut \u00eatre utilis\u00e9 sur du fumier. Apr\u00e8s le nettoyage de l\u2019\u00e9table, Copost-O peut \u00eatre \u00e9pandu ou pulv\u00e9ris\u00e9 sur le fumier (se rapporter au dosage par m\u00e8tre cube).<\/p>\n<p>Conditionnement et utilisation<\/p>\n<p>Conditionnement<br \/>\nAgriMestMix est vendu en bidons de 10 litres. Compost-O est vendu en bouteilles de 1 litre ou en bidons de 10 litres.<\/p>\n<p>Utilisation sur du lisier<br \/>\nIncorporer 10 litres de AgriMestMix par 300 m3 de lisier.<br \/>\nM\u00e9langer. <\/p>\n<p>Dosage<br \/>\nIncorporer une seule fois dans l\u2019endroit de stockage vide\u00a0: 3,3 litre de AgriMestMix par 100 m3 de lisier. Ensuite, \u00e9pandre chaque semaine 750 ml de AgriMestMix par 50 UGB (Unit\u00e9 Gros B\u00e9tail) dans l\u2019\u00e9table. Bien diluer le produit dans 10-20 litres d\u2019eau avant de l\u2019\u00e9pandre. <\/p>\n<p>Sur du fumier sec<br \/>\nLe dosage est le suivent\u00a0: 10 litre de Compost-O par 200 m3 de<br \/>\nfumier. Bien diluer le produit dans l\u2019eau avant l\u2019\u00e9pandage.<br \/>\nCulture de champ<br \/>\nDosage Compost-O, 2 litres par hectare.<\/p>\n<\/div><div class=\"fusion-clearfix\"><\/div><\/div><\/div><\/div><\/div><\/p>\n","protected":false},"excerpt":{"rendered":"","protected":false},"author":1,"featured_media":0,"parent":0,"menu_order":0,"comment_status":"closed","ping_status":"closed","template":"100-width.php","meta":{"footnotes":""},"class_list":["post-12654","page","type-page","status-publish","hentry"],"yoast_head":"<!-- This site is optimized with the Yoast SEO plugin v27.2 - https:\/\/yoast.com\/product\/yoast-seo-wordpress\/ -->\n<title>Home - Rinagro<\/title>\n<meta name=\"robots\" content=\"index, follow, max-snippet:-1, max-image-preview:large, max-video-preview:-1\" \/>\n<link rel=\"canonical\" href=\"https:\/\/rinagro-smart-farming.nl\/fr\/\" \/>\n<meta property=\"og:locale\" content=\"fr_FR\" \/>\n<meta property=\"og:type\" content=\"article\" \/>\n<meta property=\"og:title\" content=\"Home - Rinagro\" \/>\n<meta property=\"og:url\" content=\"https:\/\/rinagro-smart-farming.nl\/fr\/\" \/>\n<meta property=\"og:site_name\" content=\"Rinagro\" \/>\n<meta property=\"article:modified_time\" content=\"2017-09-01T11:21:37+00:00\" \/>\n<meta name=\"twitter:card\" content=\"summary_large_image\" \/>\n<meta name=\"twitter:label1\" content=\"Dur\u00e9e de lecture estim\u00e9e\" \/>\n\t<meta name=\"twitter:data1\" content=\"6 minutes\" \/>\n<script type=\"application\/ld+json\" class=\"yoast-schema-graph\">{\"@context\":\"https:\/\/schema.org\",\"@graph\":[{\"@type\":\"WebPage\",\"@id\":\"https:\/\/rinagro-smart-farming.nl\/fr\/\",\"url\":\"https:\/\/rinagro-smart-farming.nl\/fr\/\",\"name\":\"Home - Rinagro\",\"isPartOf\":{\"@id\":\"https:\/\/rinagro-smart-farming.nl\/#website\"},\"datePublished\":\"2017-09-01T11:14:47+00:00\",\"dateModified\":\"2017-09-01T11:21:37+00:00\",\"breadcrumb\":{\"@id\":\"https:\/\/rinagro-smart-farming.nl\/fr\/#breadcrumb\"},\"inLanguage\":\"fr-FR\",\"potentialAction\":[{\"@type\":\"ReadAction\",\"target\":[\"https:\/\/rinagro-smart-farming.nl\/fr\/\"]}]},{\"@type\":\"BreadcrumbList\",\"@id\":\"https:\/\/rinagro-smart-farming.nl\/fr\/#breadcrumb\",\"itemListElement\":[{\"@type\":\"ListItem\",\"position\":1,\"name\":\"Home\",\"item\":\"https:\/\/rinagro-smart-farming.nl\/fr\/\"},{\"@type\":\"ListItem\",\"position\":2,\"name\":\"Home\"}]},{\"@type\":\"WebSite\",\"@id\":\"https:\/\/rinagro-smart-farming.nl\/#website\",\"url\":\"https:\/\/rinagro-smart-farming.nl\/\",\"name\":\"Rinagro\",\"description\":\"Smart Farming\",\"publisher\":{\"@id\":\"https:\/\/rinagro-smart-farming.nl\/#organization\"},\"potentialAction\":[{\"@type\":\"SearchAction\",\"target\":{\"@type\":\"EntryPoint\",\"urlTemplate\":\"https:\/\/rinagro-smart-farming.nl\/?s={search_term_string}\"},\"query-input\":{\"@type\":\"PropertyValueSpecification\",\"valueRequired\":true,\"valueName\":\"search_term_string\"}}],\"inLanguage\":\"fr-FR\"},{\"@type\":\"Organization\",\"@id\":\"https:\/\/rinagro-smart-farming.nl\/#organization\",\"name\":\"Rinagro B.V.\",\"url\":\"https:\/\/rinagro-smart-farming.nl\/\",\"logo\":{\"@type\":\"ImageObject\",\"inLanguage\":\"fr-FR\",\"@id\":\"https:\/\/rinagro-smart-farming.nl\/#\/schema\/logo\/image\/\",\"url\":\"https:\/\/rinagro-smart-farming.nl\/wp-content\/uploads\/2017\/05\/Rinagro_2013-180.png\",\"contentUrl\":\"https:\/\/rinagro-smart-farming.nl\/wp-content\/uploads\/2017\/05\/Rinagro_2013-180.png\",\"width\":180,\"height\":92,\"caption\":\"Rinagro B.V.\"},\"image\":{\"@id\":\"https:\/\/rinagro-smart-farming.nl\/#\/schema\/logo\/image\/\"},\"sameAs\":[\"https:\/\/www.youtube.com\/channel\/UCUENfUQI06Po145-XCIsZsQ\"]}]}<\/script>\n<!-- \/ Yoast SEO plugin. -->","yoast_head_json":{"title":"Home - Rinagro","robots":{"index":"index","follow":"follow","max-snippet":"max-snippet:-1","max-image-preview":"max-image-preview:large","max-video-preview":"max-video-preview:-1"},"canonical":"https:\/\/rinagro-smart-farming.nl\/fr\/","og_locale":"fr_FR","og_type":"article","og_title":"Home - Rinagro","og_url":"https:\/\/rinagro-smart-farming.nl\/fr\/","og_site_name":"Rinagro","article_modified_time":"2017-09-01T11:21:37+00:00","twitter_card":"summary_large_image","twitter_misc":{"Dur\u00e9e de lecture estim\u00e9e":"6 minutes"},"schema":{"@context":"https:\/\/schema.org","@graph":[{"@type":"WebPage","@id":"https:\/\/rinagro-smart-farming.nl\/fr\/","url":"https:\/\/rinagro-smart-farming.nl\/fr\/","name":"Home - Rinagro","isPartOf":{"@id":"https:\/\/rinagro-smart-farming.nl\/#website"},"datePublished":"2017-09-01T11:14:47+00:00","dateModified":"2017-09-01T11:21:37+00:00","breadcrumb":{"@id":"https:\/\/rinagro-smart-farming.nl\/fr\/#breadcrumb"},"inLanguage":"fr-FR","potentialAction":[{"@type":"ReadAction","target":["https:\/\/rinagro-smart-farming.nl\/fr\/"]}]},{"@type":"BreadcrumbList","@id":"https:\/\/rinagro-smart-farming.nl\/fr\/#breadcrumb","itemListElement":[{"@type":"ListItem","position":1,"name":"Home","item":"https:\/\/rinagro-smart-farming.nl\/fr\/"},{"@type":"ListItem","position":2,"name":"Home"}]},{"@type":"WebSite","@id":"https:\/\/rinagro-smart-farming.nl\/#website","url":"https:\/\/rinagro-smart-farming.nl\/","name":"Rinagro","description":"Smart Farming","publisher":{"@id":"https:\/\/rinagro-smart-farming.nl\/#organization"},"potentialAction":[{"@type":"SearchAction","target":{"@type":"EntryPoint","urlTemplate":"https:\/\/rinagro-smart-farming.nl\/?s={search_term_string}"},"query-input":{"@type":"PropertyValueSpecification","valueRequired":true,"valueName":"search_term_string"}}],"inLanguage":"fr-FR"},{"@type":"Organization","@id":"https:\/\/rinagro-smart-farming.nl\/#organization","name":"Rinagro B.V.","url":"https:\/\/rinagro-smart-farming.nl\/","logo":{"@type":"ImageObject","inLanguage":"fr-FR","@id":"https:\/\/rinagro-smart-farming.nl\/#\/schema\/logo\/image\/","url":"https:\/\/rinagro-smart-farming.nl\/wp-content\/uploads\/2017\/05\/Rinagro_2013-180.png","contentUrl":"https:\/\/rinagro-smart-farming.nl\/wp-content\/uploads\/2017\/05\/Rinagro_2013-180.png","width":180,"height":92,"caption":"Rinagro B.V."},"image":{"@id":"https:\/\/rinagro-smart-farming.nl\/#\/schema\/logo\/image\/"},"sameAs":["https:\/\/www.youtube.com\/channel\/UCUENfUQI06Po145-XCIsZsQ"]}]}},"_links":{"self":[{"href":"https:\/\/rinagro-smart-farming.nl\/fr\/wp-json\/wp\/v2\/pages\/12654","targetHints":{"allow":["GET"]}}],"collection":[{"href":"https:\/\/rinagro-smart-farming.nl\/fr\/wp-json\/wp\/v2\/pages"}],"about":[{"href":"https:\/\/rinagro-smart-farming.nl\/fr\/wp-json\/wp\/v2\/types\/page"}],"author":[{"embeddable":true,"href":"https:\/\/rinagro-smart-farming.nl\/fr\/wp-json\/wp\/v2\/users\/1"}],"replies":[{"embeddable":true,"href":"https:\/\/rinagro-smart-farming.nl\/fr\/wp-json\/wp\/v2\/comments?post=12654"}],"version-history":[{"count":5,"href":"https:\/\/rinagro-smart-farming.nl\/fr\/wp-json\/wp\/v2\/pages\/12654\/revisions"}],"predecessor-version":[{"id":12661,"href":"https:\/\/rinagro-smart-farming.nl\/fr\/wp-json\/wp\/v2\/pages\/12654\/revisions\/12661"}],"wp:attachment":[{"href":"https:\/\/rinagro-smart-farming.nl\/fr\/wp-json\/wp\/v2\/media?parent=12654"}],"curies":[{"name":"wp","href":"https:\/\/api.w.org\/{rel}","templated":true}]}}